{"id":33365,"date":"2022-06-14T12:50:09","date_gmt":"2022-06-14T12:50:09","guid":{"rendered":"http:\/\/printondemand.wiebevanderzee.com\/kontakt\/"},"modified":"2026-02-05T10:46:45","modified_gmt":"2026-02-05T10:46:45","slug":"kontakt","status":"publish","type":"page","link":"https:\/\/printondemand.wiebevanderzee.com\/de\/kontakt\/","title":{"rendered":"Kontakt"},"content":{"rendered":"\n\n\t<section class=\"section\" id=\"section_1611510972\">\n\t\t<div class=\"section-bg fill\" >\n\t\t\t\t\t\t\t\t\t\n\t\t\t\n\n\t\t<\/div>\n\n\t\t\n\n\t\t<div class=\"section-content relative\">\n\t\t\t\n\n<div class=\"row row-large\"  id=\"row-1326625305\">\n\n\n\t<div id=\"col-319847238\" class=\"col medium-7 small-12 large-7\"  >\n\t\t\t\t<div class=\"col-inner text-left\"  >\n\t\t\t\n\t\t\t\n\n<div class=\"accordion\">\n\n\t<div id=\"accordion-2677588561\" class=\"accordion-item\">\n\t\t<a id=\"accordion-2677588561-label\" class=\"accordion-title plain\" href=\"#accordion-item-was-ist-die-lieferzeit?\" aria-expanded=\"false\" aria-controls=\"accordion-2677588561-content\">\n\t\t\t<button class=\"toggle\" aria-label=\"Umschalten\"><i class=\"icon-angle-down\" aria-hidden=\"true\"><\/i><\/button>\n\t\t\t<span>Was ist die Lieferzeit?<\/span>\n\t\t<\/a>\n\t\t<div id=\"accordion-2677588561-content\" class=\"accordion-inner\" aria-labelledby=\"accordion-2677588561-label\">\n\t\t\t\n\nNach Bearbeitung Ihrer Zahlung wird Ihre Bestellung bearbeitet.\nDie Lieferzeiten variieren je nach Produkt:\n<table border=\"0\" frame=\"VOID\" rules=\"NONE\" cellspacing=\"0\"><colgroup> <col width=\"180\"><\/colgroup> <colgroup> <col width=\"180\"><\/colgroup> <colgroup> <col width=\"120\"><\/colgroup>\n<tbody>\n<tr>\n<td align=\"LEFT\" width=\"200\" height=\"18\"><\/td>\n<td align=\"LEFT\" width=\"180\"><strong>Niederlande<\/strong><\/td>\n<td align=\"LEFT\" width=\"180\"><strong>Belgien und Deutschland<\/strong><\/td>\n<\/tr>\n<tr>\n<td align=\"LEFT\" height=\"18\">Gicl\u00e9e-Druck auf Leinwand<\/td>\n<td align=\"LEFT\">5 Werktage<\/td>\n<td align=\"LEFT\">7 Werktage<\/td>\n<\/tr>\n<tr>\n<td align=\"LEFT\" height=\"18\">Gicl\u00e9e-Druck auf Leinwand, gerahmt<\/td>\n<td align=\"LEFT\">5 Werktage<\/td>\n<td align=\"LEFT\">7 Werktage<\/td>\n<\/tr>\n<tr>\n<td align=\"LEFT\" height=\"18\">Gicl\u00e9e-Druck auf Papier<\/td>\n<td align=\"LEFT\">5 Werktage<\/td>\n<td align=\"LEFT\">7 Werktage<\/td>\n<\/tr>\n<tr>\n<td align=\"LEFT\" height=\"18\">Gicl\u00e9e-Druck auf Papier, gerahmt<\/td>\n<td align=\"LEFT\">6 Werktage<\/td>\n<td align=\"LEFT\">8 Werktage<\/td>\n<\/tr>\n<tr>\n<td align=\"LEFT\" height=\"18\">Gicl\u00e9e-Druck auf Dibond<\/td>\n<td align=\"LEFT\">7 Werktage<\/td>\n<td align=\"LEFT\">9 Werktage<\/td>\n<\/tr>\n<\/tbody>\n<\/table>\n\n\t\t<\/div>\n\t<\/div>\n\t\n\t<div id=\"accordion-3634562780\" class=\"accordion-item\">\n\t\t<a id=\"accordion-3634562780-label\" class=\"accordion-title plain\" href=\"#accordion-item-wie-kann-ich-bezahlen?\" aria-expanded=\"false\" aria-controls=\"accordion-3634562780-content\">\n\t\t\t<button class=\"toggle\" aria-label=\"Umschalten\"><i class=\"icon-angle-down\" aria-hidden=\"true\"><\/i><\/button>\n\t\t\t<span>Wie kann ich bezahlen?<\/span>\n\t\t<\/a>\n\t\t<div id=\"accordion-3634562780-content\" class=\"accordion-inner\" aria-labelledby=\"accordion-3634562780-label\">\n\t\t\t\n\n\n\n<p>Am einfachsten und schnellsten ist es, Ihre Bestellung im Voraus \u00fcber iDEAL | Wero zu bezahlen.<\/p>\n\n\n\t\t<\/div>\n\t<\/div>\n\t\n\t<div id=\"accordion-135107700\" class=\"accordion-item\">\n\t\t<a id=\"accordion-135107700-label\" class=\"accordion-title plain\" href=\"#accordion-item-was-sind-die-versandkosten?\" aria-expanded=\"false\" aria-controls=\"accordion-135107700-content\">\n\t\t\t<button class=\"toggle\" aria-label=\"Umschalten\"><i class=\"icon-angle-down\" aria-hidden=\"true\"><\/i><\/button>\n\t\t\t<span>Was sind die Versandkosten?<\/span>\n\t\t<\/a>\n\t\t<div id=\"accordion-135107700-content\" class=\"accordion-inner\" aria-labelledby=\"accordion-135107700-label\">\n\t\t\t\n\n<p><strong>Kostenloser Versand in den Niederlanden.<\/strong><\/p>\n<p>Eventuelle Versandkosten f\u00fcr Lieferungen ins Ausland werden im Warenkorb auf Grundlage der Artikel und der Lieferadresse berechnet.<\/p>\n\n\t\t<\/div>\n\t<\/div>\n\t\n\t<div id=\"accordion-3501863762\" class=\"accordion-item\">\n\t\t<a id=\"accordion-3501863762-label\" class=\"accordion-title plain\" href=\"#accordion-item-was-tun-mit-beschwerden-und-r\u00fccksendungen?\" aria-expanded=\"false\" aria-controls=\"accordion-3501863762-content\">\n\t\t\t<button class=\"toggle\" aria-label=\"Umschalten\"><i class=\"icon-angle-down\" aria-hidden=\"true\"><\/i><\/button>\n\t\t\t<span>Was tun mit Beschwerden und R\u00fccksendungen?<\/span>\n\t\t<\/a>\n\t\t<div id=\"accordion-3501863762-content\" class=\"accordion-inner\" aria-labelledby=\"accordion-3501863762-label\">\n\t\t\t\n\n<p><strong>R\u00fcckgaberecht<\/strong><\/p>\n<p>Es ist m\u00f6glich, Ihre Bestellung umzutauschen oder zur\u00fcckzugeben, es sei denn, das Produkt wurde speziell f\u00fcr Sie angefertigt und personalisiert (z.B. Gicl\u00e9es).&nbsp;<\/p>\n<p>Sie haben das Recht, Ihre Bestellung bis zu 14 Tage nach Erhalt ohne Angabe von Gr\u00fcnden zu widerrufen. Nach dem Widerruf haben Sie noch 14 Tage Zeit, Ihr Produkt zur\u00fcckzugeben. Ihnen wird dann der volle Bestellbetrag inklusive eventueller Versandkosten gutgeschrieben.<\/p>\n<p>Bitte beachten! Die (Versand-)Kosten f\u00fcr die R\u00fccksendung der Ware gehen zu Ihren Lasten.<\/p>\n<p>Wenn Sie von Ihrem Widerrufsrecht Gebrauch machen, ist die Ware mit allem gelieferten Zubeh\u00f6r und &#8211; soweit m\u00f6glich &#8211; im Originalzustand und in der Originalverpackung an Atelier Wiebe van der Zee zur\u00fcckzusenden. Um von diesem Recht Gebrauch zu machen, k\u00f6nnen Sie uns unter info@printondemand.wiebevanderzee.com kontaktieren. Wir erstatten dann den f\u00e4lligen Betrag innerhalb von 14 Tagen nach Benachrichtigung \u00fcber Ihre R\u00fccksendung, vorausgesetzt, dass das Produkt bereits in gutem Zustand bei uns eingegangen ist.<\/p>\n<p>R\u00fccksendeadresse:<\/p>\n<p>Atelier Wiebe van der Zee<br>c\/o Artimedes BV<br>Z. Hd. R\u00fccksendungen + Die Bestellnummer<br>De Lange Baan 11b<br>8731DZ Wommels<br>Niederlande<\/p>\n<p><strong>Beschwerdeverfahren<\/strong><\/p>\n<p>Wir empfehlen Ihnen, Beschwerden zun\u00e4chst per E-Mail an info@printondemand.wiebevanderzee.com an uns zu richten.<\/p>\n<p>Seit dem 15. Februar 2016 ist es f\u00fcr Verbraucher in der EU auch m\u00f6glich, Beschwerden \u00fcber die ODR-Plattform der Europ\u00e4ischen Kommission einzureichen. Diese ODR-Plattform ist unter http:\/\/ec.europa.eu\/odr zu finden. Wenn Ihre Beschwerde noch nicht anderweitig bearbeitet wird, k\u00f6nnen Sie Ihre Beschwerde \u00fcber die Plattform der Europ\u00e4ischen Union einreichen.<\/p>\n\n\t\t<\/div>\n\t<\/div>\n\t\n\t<div id=\"accordion-4109540271\" class=\"accordion-item\">\n\t\t<a id=\"accordion-4109540271-label\" class=\"accordion-title plain\" href=\"#accordion-item-was-ist-ein-gicl\u00e9e?\" aria-expanded=\"false\" aria-controls=\"accordion-4109540271-content\">\n\t\t\t<button class=\"toggle\" aria-label=\"Umschalten\"><i class=\"icon-angle-down\" aria-hidden=\"true\"><\/i><\/button>\n\t\t\t<span>Was ist ein Gicl\u00e9e?<\/span>\n\t\t<\/a>\n\t\t<div id=\"accordion-4109540271-content\" class=\"accordion-inner\" aria-labelledby=\"accordion-4109540271-label\">\n\t\t\t\n\n<div class=\"row\"  id=\"row-1919157217\">\r\n\r\n\n\t<div id=\"col-1102175700\" class=\"col small-12 large-12\"  >\n\t\t\t\t<div class=\"col-inner\"  >\n\t\t\t\n\t\t\t\r\n\r\n\t<div id=\"text-3916082543\" class=\"text\">\n\t\t\r\n\r\n<p>Gicl\u00e9es sind Reproduktionen von Originalgem\u00e4lden, -zeichnungen oder -fotografien, die mit speziellen Tintenstrahldruckern, die die Pigmenttinten auf das Material spr\u00fchen, z. B. auf Fotopapier, Aquarellpapier oder Leinwand, gedruckt werden.<\/p>\n<p>Der Begriff Gicl\u00e9e kommt von dem franz\u00f6sischen Wort \"gicler\", was so viel wie aufspr\u00fchen bedeutet. Diese Art der Reproduktion ist der neue Standard in der Welt der Kunst und Fotografie und wird von bedeutenden Museen, Galerien, K\u00fcnstlern und Fotografen wegen ihrer herausragenden Qualit\u00e4t sehr gesch\u00e4tzt.<\/p>\n<p>Die Gicl\u00e9es der Werke von Wiebe van der Zee werden mit 12-farbigen, lichtechten UV-Pigmenttinten auf s\u00e4urefreie Leinwand oder Aquarellpapier gedruckt und weisen daher besonders feine Details und sch\u00f6ne, satte Farben auf.<\/p>\r\n\t\t\n<style>\n#text-3916082543 {\n  text-align: left;\n}\n<\/style>\n\t<\/div>\n\t\r\n\r\n\t\t<\/div>\n\t\t\t\t\t<\/div>\n\n\t\r\n\r\n<\/div>\n\n\n\t\t<\/div>\n\t<\/div>\n\t\n\n<\/div>\n\n\t\t<\/div>\n\t\t\t\t\t<\/div>\n\n\t\n\n\t<div id=\"col-128922945\" class=\"col medium-5 small-12 large-5\"  >\n\t\t\t\t<div class=\"col-inner text-left dark\" style=\"background-color:#7a9c59;\" >\n\t\t\t\n\t\t\t\n\n\t<div id=\"text-2021270712\" class=\"text\">\n\t\t\n\n<h3>Kundenservice (Artimedes B.V.)<\/h3>\n<p>E: info@printondemand.wiebevanderzee.com<br>T: +31(0)515-332211<\/p>\n<h3>Atelier Wiebe van der Zee<\/h3>\n<p>Cornelis Kanstraat 2<br>8602 CV Sneek<br>Niederlande&nbsp;<br><br>E-Mail: atelier@wiebevanderzee.com<br>T: +31(0)515-416604<\/p>\n<p>KvK: 53433181<br>Umsatzsteuer-Identifikationsnummer NL850878147B01<\/p>\n<p>&nbsp;<\/p>\n\t\t\n<style>\n#text-2021270712 {\n  line-height: 1.3;\n}\n<\/style>\n\t<\/div>\n\t\n\n\t\t<\/div>\n\t\t\t\t\n<style>\n#col-128922945 > .col-inner {\n  padding: 20px 20px 20px 20px;\n}\n<\/style>\n\t<\/div>\n\n\t\n\n<\/div>\n\n\t\t<\/div>\n\n\t\t\n<style>\n#section_1611510972 {\n  padding-top: 10px;\n  padding-bottom: 10px;\n  margin-bottom: 10px;\n}\n<\/style>\n\t<\/section>\n\t\n\n","protected":false},"excerpt":{"rendered":"","protected":false},"author":1,"featured_media":0,"parent":0,"menu_order":0,"comment_status":"closed","ping_status":"closed","template":"","meta":{"powered_cache_disable_cache":false,"footnotes":""},"class_list":["post-33365","page","type-page","status-publish","hentry","product-item-shadow"],"yoast_head":"<!-- This site is optimized with the Yoast SEO plugin v27.3 - https:\/\/yoast.com\/product\/yoast-seo-wordpress\/ -->\n<title>Kontakt - Wiebe van der Zee<\/title>\n<meta name=\"robots\" content=\"index, follow, max-snippet:-1, max-image-preview:large, max-video-preview:-1\" \/>\n<link rel=\"canonical\" href=\"https:\/\/printondemand.wiebevanderzee.com\/de\/kontakt\/\" \/>\n<meta property=\"og:locale\" content=\"de_DE\" \/>\n<meta property=\"og:type\" content=\"article\" \/>\n<meta property=\"og:title\" content=\"Kontakt - Wiebe van der Zee\" \/>\n<meta property=\"og:url\" content=\"https:\/\/printondemand.wiebevanderzee.com\/de\/kontakt\/\" \/>\n<meta property=\"og:site_name\" content=\"Wiebe van der Zee\" \/>\n<meta property=\"article:modified_time\" content=\"2026-02-05T10:46:45+00:00\" \/>\n<meta name=\"twitter:card\" content=\"summary_large_image\" \/>\n<meta name=\"twitter:label1\" content=\"Gesch\u00e4tzte Lesezeit\" \/>\n\t<meta name=\"twitter:data1\" content=\"2\u00a0Minuten\" \/>\n<script type=\"application\/ld+json\" class=\"yoast-schema-graph\">{\"@context\":\"https:\\\/\\\/schema.org\",\"@graph\":[{\"@type\":\"WebPage\",\"@id\":\"https:\\\/\\\/printondemand.wiebevanderzee.com\\\/de\\\/kontakt\\\/\",\"url\":\"https:\\\/\\\/printondemand.wiebevanderzee.com\\\/de\\\/kontakt\\\/\",\"name\":\"Kontakt - Wiebe van der Zee\",\"isPartOf\":{\"@id\":\"https:\\\/\\\/printondemand.wiebevanderzee.com\\\/de\\\/#website\"},\"datePublished\":\"2022-06-14T12:50:09+00:00\",\"dateModified\":\"2026-02-05T10:46:45+00:00\",\"breadcrumb\":{\"@id\":\"https:\\\/\\\/printondemand.wiebevanderzee.com\\\/de\\\/kontakt\\\/#breadcrumb\"},\"inLanguage\":\"de\",\"potentialAction\":[{\"@type\":\"ReadAction\",\"target\":[\"https:\\\/\\\/printondemand.wiebevanderzee.com\\\/de\\\/kontakt\\\/\"]}]},{\"@type\":\"BreadcrumbList\",\"@id\":\"https:\\\/\\\/printondemand.wiebevanderzee.com\\\/de\\\/kontakt\\\/#breadcrumb\",\"itemListElement\":[{\"@type\":\"ListItem\",\"position\":1,\"name\":\"Home\",\"item\":\"https:\\\/\\\/printondemand.wiebevanderzee.com\\\/de\\\/\"},{\"@type\":\"ListItem\",\"position\":2,\"name\":\"Kontakt\"}]},{\"@type\":\"WebSite\",\"@id\":\"https:\\\/\\\/printondemand.wiebevanderzee.com\\\/de\\\/#website\",\"url\":\"https:\\\/\\\/printondemand.wiebevanderzee.com\\\/de\\\/\",\"name\":\"Wiebe van der Zee\",\"description\":\"\",\"potentialAction\":[{\"@type\":\"SearchAction\",\"target\":{\"@type\":\"EntryPoint\",\"urlTemplate\":\"https:\\\/\\\/printondemand.wiebevanderzee.com\\\/de\\\/?s={search_term_string}\"},\"query-input\":{\"@type\":\"PropertyValueSpecification\",\"valueRequired\":true,\"valueName\":\"search_term_string\"}}],\"inLanguage\":\"de\"}]}<\/script>\n<!-- \/ Yoast SEO plugin. -->","yoast_head_json":{"title":"Kontakt - Wiebe van der Zee","robots":{"index":"index","follow":"follow","max-snippet":"max-snippet:-1","max-image-preview":"max-image-preview:large","max-video-preview":"max-video-preview:-1"},"canonical":"https:\/\/printondemand.wiebevanderzee.com\/de\/kontakt\/","og_locale":"de_DE","og_type":"article","og_title":"Kontakt - Wiebe van der Zee","og_url":"https:\/\/printondemand.wiebevanderzee.com\/de\/kontakt\/","og_site_name":"Wiebe van der Zee","article_modified_time":"2026-02-05T10:46:45+00:00","twitter_card":"summary_large_image","twitter_misc":{"Gesch\u00e4tzte Lesezeit":"2\u00a0Minuten"},"schema":{"@context":"https:\/\/schema.org","@graph":[{"@type":"WebPage","@id":"https:\/\/printondemand.wiebevanderzee.com\/de\/kontakt\/","url":"https:\/\/printondemand.wiebevanderzee.com\/de\/kontakt\/","name":"Kontakt - Wiebe van der Zee","isPartOf":{"@id":"https:\/\/printondemand.wiebevanderzee.com\/de\/#website"},"datePublished":"2022-06-14T12:50:09+00:00","dateModified":"2026-02-05T10:46:45+00:00","breadcrumb":{"@id":"https:\/\/printondemand.wiebevanderzee.com\/de\/kontakt\/#breadcrumb"},"inLanguage":"de","potentialAction":[{"@type":"ReadAction","target":["https:\/\/printondemand.wiebevanderzee.com\/de\/kontakt\/"]}]},{"@type":"BreadcrumbList","@id":"https:\/\/printondemand.wiebevanderzee.com\/de\/kontakt\/#breadcrumb","itemListElement":[{"@type":"ListItem","position":1,"name":"Home","item":"https:\/\/printondemand.wiebevanderzee.com\/de\/"},{"@type":"ListItem","position":2,"name":"Kontakt"}]},{"@type":"WebSite","@id":"https:\/\/printondemand.wiebevanderzee.com\/de\/#website","url":"https:\/\/printondemand.wiebevanderzee.com\/de\/","name":"Wiebe van der Zee","description":"","potentialAction":[{"@type":"SearchAction","target":{"@type":"EntryPoint","urlTemplate":"https:\/\/printondemand.wiebevanderzee.com\/de\/?s={search_term_string}"},"query-input":{"@type":"PropertyValueSpecification","valueRequired":true,"valueName":"search_term_string"}}],"inLanguage":"de"}]}},"_links":{"self":[{"href":"https:\/\/printondemand.wiebevanderzee.com\/de\/wp-json\/wp\/v2\/pages\/33365","targetHints":{"allow":["GET"]}}],"collection":[{"href":"https:\/\/printondemand.wiebevanderzee.com\/de\/wp-json\/wp\/v2\/pages"}],"about":[{"href":"https:\/\/printondemand.wiebevanderzee.com\/de\/wp-json\/wp\/v2\/types\/page"}],"author":[{"embeddable":true,"href":"https:\/\/printondemand.wiebevanderzee.com\/de\/wp-json\/wp\/v2\/users\/1"}],"replies":[{"embeddable":true,"href":"https:\/\/printondemand.wiebevanderzee.com\/de\/wp-json\/wp\/v2\/comments?post=33365"}],"version-history":[{"count":3,"href":"https:\/\/printondemand.wiebevanderzee.com\/de\/wp-json\/wp\/v2\/pages\/33365\/revisions"}],"predecessor-version":[{"id":104138,"href":"https:\/\/printondemand.wiebevanderzee.com\/de\/wp-json\/wp\/v2\/pages\/33365\/revisions\/104138"}],"wp:attachment":[{"href":"https:\/\/printondemand.wiebevanderzee.com\/de\/wp-json\/wp\/v2\/media?parent=33365"}],"curies":[{"name":"wp","href":"https:\/\/api.w.org\/{rel}","templated":true}]}}